{"id":121241,"date":"2025-02-11T21:09:55","date_gmt":"2025-02-11T21:09:55","guid":{"rendered":"https:\/\/royaltyceramic.com.mx\/nuevositio\/?page_id=121241"},"modified":"2025-03-26T21:10:58","modified_gmt":"2025-03-26T21:10:58","slug":"nosotros","status":"publish","type":"page","link":"https:\/\/royaltyceramic.com.mx\/nuevositio\/index.php\/nosotros\/","title":{"rendered":"Nosotros"},"content":{"rendered":"<div class=\"wpb-content-wrapper\"><p>[vc_row row_height_percent=&#8221;60&#8243; override_padding=&#8221;yes&#8221; h_padding=&#8221;2&#8243; top_padding=&#8221;5&#8243; bottom_padding=&#8221;5&#8243; back_image=&#8221;121929&#8243; back_position=&#8221;center center&#8221; overlay_alpha=&#8221;85&#8243; equal_height=&#8221;yes&#8221; gutter_size=&#8221;3&#8243; column_width_percent=&#8221;100&#8243; shift_y=&#8221;0&#8243; z_index=&#8221;0&#8243; top_divider=&#8221;gradient&#8221; bottom_divider=&#8221;gradient&#8221; medium_visibility=&#8221;yes&#8221; mobile_visibility=&#8221;yes&#8221; uncode_shortcode_id=&#8221;149675&#8243;][vc_column column_width_percent=&#8221;100&#8243; position_vertical=&#8221;middle&#8221; gutter_size=&#8221;1&#8243; style=&#8221;dark&#8221; overlay_alpha=&#8221;50&#8243; shift_x=&#8221;0&#8243; shift_y=&#8221;0&#8243; shift_y_down=&#8221;0&#8243; z_index=&#8221;0&#8243; medium_width=&#8221;0&#8243; align_mobile=&#8221;align_center_mobile&#8221; mobile_width=&#8221;0&#8243; width=&#8221;1\/1&#8243; uncode_shortcode_id=&#8221;210421&#8243;][vc_row_inner row_inner_height_percent=&#8221;0&#8243; overlay_alpha=&#8221;50&#8243; gutter_size=&#8221;3&#8243; shift_y=&#8221;0&#8243;][vc_column_inner column_width_percent=&#8221;100&#8243; gutter_size=&#8221;2&#8243; style=&#8221;dark&#8221; overlay_alpha=&#8221;50&#8243; shift_x=&#8221;0&#8243; shift_y=&#8221;0&#8243; shift_y_down=&#8221;0&#8243; z_index=&#8221;0&#8243; medium_width=&#8221;0&#8243; align_mobile=&#8221;align_center_mobile&#8221; mobile_width=&#8221;0&#8243; css_animation=&#8221;alpha-anim&#8221; animation_delay=&#8221;200&#8243; width=&#8221;2\/3&#8243; uncode_shortcode_id=&#8221;451034&#8243;][uncode_breadcrumbs][vc_custom_heading heading_semantic=&#8221;p&#8221; text_size=&#8221;fontsize-338686&#8243; text_weight=&#8221;700&#8243; text_height=&#8221;fontheight-179065&#8243; text_space=&#8221;fontspace-781688&#8243; css_animation=&#8221;zoom-in&#8221; animation_delay=&#8221;400&#8243; uncode_shortcode_id=&#8221;625500&#8243;]Nosotros[\/vc_custom_heading][vc_icon icon=&#8221;fa fa-arrow-down2&#8243; background_style=&#8221;fa-rounded&#8221; outline=&#8221;yes&#8221; css_animation=&#8221;bottom-t-top&#8221; animation_speed=&#8221;600&#8243; animation_delay=&#8221;800&#8243; link=&#8221;url:%23|||&#8221; uncode_shortcode_id=&#8221;787894&#8243;][\/vc_icon][\/vc_column_inner][vc_column_inner column_width_percent=&#8221;100&#8243; gutter_size=&#8221;3&#8243; overlay_alpha=&#8221;50&#8243; shift_x=&#8221;0&#8243; shift_y=&#8221;0&#8243; shift_y_down=&#8221;0&#8243; z_index=&#8221;0&#8243; medium_width=&#8221;0&#8243; mobile_visibility=&#8221;yes&#8221; mobile_width=&#8221;0&#8243; width=&#8221;1\/3&#8243; uncode_shortcode_id=&#8221;190893&#8243;][\/vc_column_inner][\/vc_row_inner][\/vc_column][\/vc_row][vc_row row_height_percent=&#8221;60&#8243; override_padding=&#8221;yes&#8221; h_padding=&#8221;2&#8243; top_padding=&#8221;5&#8243; bottom_padding=&#8221;5&#8243; back_image=&#8221;121317&#8243; back_position=&#8221;center center&#8221; overlay_alpha=&#8221;85&#8243; equal_height=&#8221;yes&#8221; gutter_size=&#8221;3&#8243; column_width_percent=&#8221;100&#8243; shift_y=&#8221;0&#8243; z_index=&#8221;0&#8243; top_divider=&#8221;gradient&#8221; bottom_divider=&#8221;gradient&#8221; desktop_visibility=&#8221;yes&#8221; medium_visibility=&#8221;yes&#8221; uncode_shortcode_id=&#8221;162904&#8243; shape_dividers=&#8221;&#8221;][vc_column column_width_percent=&#8221;100&#8243; position_vertical=&#8221;middle&#8221; align_horizontal=&#8221;align_center&#8221; gutter_size=&#8221;1&#8243; style=&#8221;dark&#8221; overlay_alpha=&#8221;50&#8243; shift_x=&#8221;0&#8243; shift_y=&#8221;0&#8243; shift_y_down=&#8221;0&#8243; z_index=&#8221;0&#8243; desktop_visibility=&#8221;yes&#8221; medium_visibility=&#8221;yes&#8221; medium_width=&#8221;0&#8243; align_mobile=&#8221;align_center_mobile&#8221; mobile_width=&#8221;0&#8243; width=&#8221;1\/1&#8243; uncode_shortcode_id=&#8221;210977&#8243;][vc_row_inner row_inner_height_percent=&#8221;0&#8243; overlay_alpha=&#8221;50&#8243; gutter_size=&#8221;3&#8243; shift_y=&#8221;0&#8243;][vc_column_inner column_width_percent=&#8221;100&#8243; gutter_size=&#8221;2&#8243; style=&#8221;dark&#8221; overlay_alpha=&#8221;50&#8243; shift_x=&#8221;0&#8243; shift_y=&#8221;0&#8243; shift_y_down=&#8221;0&#8243; z_index=&#8221;0&#8243; medium_width=&#8221;0&#8243; align_mobile=&#8221;align_center_mobile&#8221; mobile_width=&#8221;0&#8243; css_animation=&#8221;alpha-anim&#8221; animation_delay=&#8221;200&#8243; width=&#8221;1\/1&#8243; uncode_shortcode_id=&#8221;451034&#8243;][uncode_breadcrumbs][vc_custom_heading heading_semantic=&#8221;p&#8221; text_size=&#8221;fontsize-338686&#8243; text_weight=&#8221;700&#8243; text_height=&#8221;fontheight-179065&#8243; text_space=&#8221;fontspace-781688&#8243; css_animation=&#8221;zoom-in&#8221; animation_delay=&#8221;400&#8243; uncode_shortcode_id=&#8221;625500&#8243;]Nosotros[\/vc_custom_heading][vc_icon icon=&#8221;fa fa-arrow-down2&#8243; background_style=&#8221;fa-rounded&#8221; outline=&#8221;yes&#8221; css_animation=&#8221;bottom-t-top&#8221; animation_speed=&#8221;600&#8243; animation_delay=&#8221;800&#8243; link=&#8221;url:%23|||&#8221; uncode_shortcode_id=&#8221;787894&#8243;][\/vc_icon][\/vc_column_inner][\/vc_row_inner][\/vc_column][\/vc_row][vc_row unlock_row=&#8221;&#8221; row_height_percent=&#8221;0&#8243; override_padding=&#8221;yes&#8221; h_padding=&#8221;3&#8243; top_padding=&#8221;5&#8243; bottom_padding=&#8221;5&#8243; overlay_alpha=&#8221;50&#8243; gutter_size=&#8221;3&#8243; column_width_percent=&#8221;100&#8243; shift_y=&#8221;0&#8243; z_index=&#8221;0&#8243; uncode_shortcode_id=&#8221;828429&#8243;][vc_column column_width_percent=&#8221;100&#8243; gutter_size=&#8221;3&#8243; overlay_alpha=&#8221;50&#8243; shift_x=&#8221;0&#8243; shift_y=&#8221;0&#8243; shift_y_down=&#8221;0&#8243; z_index=&#8221;0&#8243; medium_width=&#8221;0&#8243; mobile_width=&#8221;0&#8243; sticky=&#8221;yes&#8221; width=&#8221;1\/6&#8243; uncode_shortcode_id=&#8221;873696&#8243;][vc_separator sep_color=&#8221;accent&#8221; uncode_shortcode_id=&#8221;947219&#8243; sep_color_type=&#8221;uncode-palette&#8221; el_height=&#8221;3px&#8221;][\/vc_column][vc_column column_width_percent=&#8221;100&#8243; gutter_size=&#8221;3&#8243; overlay_alpha=&#8221;50&#8243; shift_x=&#8221;0&#8243; shift_y=&#8221;0&#8243; shift_y_down=&#8221;0&#8243; z_index=&#8221;0&#8243; medium_width=&#8221;0&#8243; mobile_width=&#8221;0&#8243; css_animation=&#8221;zoom-in&#8221; width=&#8221;5\/6&#8243; uncode_shortcode_id=&#8221;153690&#8243;][vc_custom_heading text_color=&#8221;accent&#8221; heading_semantic=&#8221;h1&#8243; text_font=&#8221;font-492134&#8243; text_size=&#8221;h1&#8243; text_weight=&#8221;500&#8243; text_height=&#8221;fontheight-179065&#8243; uncode_shortcode_id=&#8221;161469&#8243; text_color_type=&#8221;uncode-palette&#8221;]<span style=\"font-weight: 400;\">Una historia de compromiso,<br \/>\ndise\u00f1o y prop\u00f3sito.<\/span>[\/vc_custom_heading][vc_custom_heading heading_semantic=&#8221;h4&#8243; text_font=&#8221;font-492134&#8243; text_size=&#8221;h4&#8243; text_weight=&#8221;400&#8243; text_height=&#8221;fontheight-357766&#8243; uncode_shortcode_id=&#8221;551167&#8243;]Todo comenz\u00f3 con una idea clara: mejorar la vida de las personas a trav\u00e9s de productos funcionales, accesibles y bien dise\u00f1ados. <strong>Hoy, despu\u00e9s de m\u00e1s de 20 a\u00f1os, seguimos firmes en ese camino.<\/strong>[\/vc_custom_heading][vc_single_image media=&#8221;121032&#8243; media_width_percent=&#8221;100&#8243; media_ratio=&#8221;twentyone-nine&#8221; shape=&#8221;img-round&#8221; radius=&#8221;std&#8221; shadow=&#8221;yes&#8221; css_animation=&#8221;zoom-in&#8221; uncode_shortcode_id=&#8221;142883&#8243;][vc_custom_heading heading_semantic=&#8221;h4&#8243; text_font=&#8221;font-492134&#8243; text_size=&#8221;h4&#8243; text_weight=&#8221;400&#8243; text_height=&#8221;fontheight-357766&#8243; uncode_shortcode_id=&#8221;165809&#8243;]Desde Le\u00f3n, Guanajuato, fabricamos muebles cer\u00e1micos para ba\u00f1o con un enfoque en calidad, eficiencia y conciencia ambiental. Nuestro portafolio incluye inodoros ahorradores, mingitorios secos y lavabos que se adaptan tanto a proyectos residenciales como comerciales.[\/vc_custom_heading][vc_gallery el_id=&#8221;gallery-124373&#8243; medias=&#8221;121856,121857&#8243; gutter_size=&#8221;3&#8243; screen_lg=&#8221;1000&#8243; screen_md=&#8221;600&#8243; screen_sm=&#8221;480&#8243; single_overlay_opacity=&#8221;50&#8243; single_padding=&#8221;2&#8243; single_border=&#8221;yes&#8221; uncode_shortcode_id=&#8221;174361&#8243;][vc_custom_heading heading_semantic=&#8221;h4&#8243; text_font=&#8221;font-492134&#8243; text_size=&#8221;h4&#8243; text_weight=&#8221;400&#8243; text_height=&#8221;fontheight-357766&#8243; uncode_shortcode_id=&#8221;470675&#8243;]A lo largo de los a\u00f1os hemos construido relaciones cercanas con distribuidores, arquitectos, constructoras y clientes finales. Sabemos que cada necesidad es distinta, por eso ofrecemos soluciones personalizadas, atenci\u00f3n cercana y acompa\u00f1amiento en cada etapa del proceso.[\/vc_custom_heading][vc_custom_heading heading_semantic=&#8221;h4&#8243; text_font=&#8221;font-492134&#8243; text_size=&#8221;h4&#8243; text_weight=&#8221;400&#8243; text_height=&#8221;fontheight-357766&#8243; uncode_shortcode_id=&#8221;346355&#8243;]Creemos que el dise\u00f1o va m\u00e1s all\u00e1 de lo est\u00e9tico: es funcionalidad, ahorro, durabilidad y respeto por el entorno. Y eso es lo que encontrar\u00e1s en cada una de nuestras piezas.[\/vc_custom_heading][vc_single_image media=&#8221;121860&#8243; media_width_percent=&#8221;100&#8243; media_ratio=&#8221;twentyone-nine&#8221; shape=&#8221;img-round&#8221; radius=&#8221;std&#8221; css_animation=&#8221;zoom-in&#8221; uncode_shortcode_id=&#8221;117844&#8243;][\/vc_column][\/vc_row]<\/p>\n<\/div>","protected":false},"excerpt":{"rendered":"<p>[vc_row row_height_percent=&#8221;60&#8243; override_padding=&#8221;yes&#8221; h_padding=&#8221;2&#8243; top_padding=&#8221;5&#8243; bottom_padding=&#8221;5&#8243; back_image=&#8221;121929&#8243; back_position=&#8221;center center&#8221; overlay_alpha=&#8221;85&#8243; equal_height=&#8221;yes&#8221; gutter_size=&#8221;3&#8243; column_width_percent=&#8221;100&#8243; shift_y=&#8221;0&#8243; z_index=&#8221;0&#8243; top_divider=&#8221;gradient&#8221; bottom_divider=&#8221;gradient&#8221; medium_visibility=&#8221;yes&#8221; mobile_visibility=&#8221;yes&#8221; uncode_shortcode_id=&#8221;149675&#8243;][vc_column [&hellip;]<\/p>\n","protected":false},"author":3,"featured_media":0,"parent":0,"menu_order":0,"comment_status":"closed","ping_status":"closed","template":"","meta":{"_joinchat":[],"footnotes":""},"class_list":["post-121241","page","type-page","status-publish","hentry","page_category-demo-shop"],"_links":{"self":[{"href":"https:\/\/royaltyceramic.com.mx\/nuevositio\/index.php\/wp-json\/wp\/v2\/pages\/121241","targetHints":{"allow":["GET"]}}],"collection":[{"href":"https:\/\/royaltyceramic.com.mx\/nuevositio\/index.php\/wp-json\/wp\/v2\/pages"}],"about":[{"href":"https:\/\/royaltyceramic.com.mx\/nuevositio\/index.php\/wp-json\/wp\/v2\/types\/page"}],"author":[{"embeddable":true,"href":"https:\/\/royaltyceramic.com.mx\/nuevositio\/index.php\/wp-json\/wp\/v2\/users\/3"}],"replies":[{"embeddable":true,"href":"https:\/\/royaltyceramic.com.mx\/nuevositio\/index.php\/wp-json\/wp\/v2\/comments?post=121241"}],"version-history":[{"count":61,"href":"https:\/\/royaltyceramic.com.mx\/nuevositio\/index.php\/wp-json\/wp\/v2\/pages\/121241\/revisions"}],"predecessor-version":[{"id":121935,"href":"https:\/\/royaltyceramic.com.mx\/nuevositio\/index.php\/wp-json\/wp\/v2\/pages\/121241\/revisions\/121935"}],"wp:attachment":[{"href":"https:\/\/royaltyceramic.com.mx\/nuevositio\/index.php\/wp-json\/wp\/v2\/media?parent=121241"}],"curies":[{"name":"wp","href":"https:\/\/api.w.org\/{rel}","templated":true}]}}